{"id":8,"date":"2020-05-25T17:11:58","date_gmt":"2020-05-25T17:11:58","guid":{"rendered":"http:\/\/www.enjoypuntadeleste.com.uy\/emprendedoresenjoy\/?page_id=8"},"modified":"2020-05-25T17:11:58","modified_gmt":"2020-05-25T17:11:58","slug":"acerca-de","status":"publish","type":"page","link":"https:\/\/www.enjoypuntadeleste.com.uy\/emprendedoresenjoy\/acerca-de\/","title":{"rendered":"Acerca de"},"content":{"rendered":"\n<p>Pod\u00e9s ser un artista que quiere presentarse a s\u00ed mismo y a su trabajo o eres un negocio con una misi\u00f3n que describir.<\/p>\n","protected":false},"excerpt":{"rendered":"<p>Pod\u00e9s ser un artista que quiere presentarse a s\u00ed mismo y a su trabajo o eres un negocio con una misi\u00f3n que describir.<\/p>\n","protected":false},"author":2,"featured_media":0,"parent":0,"menu_order":0,"comment_status":"closed","ping_status":"closed","template":"","meta":[],"_links":{"self":[{"href":"https:\/\/www.enjoypuntadeleste.com.uy\/emprendedoresenjoy\/wp-json\/wp\/v2\/pages\/8"}],"collection":[{"href":"https:\/\/www.enjoypuntadeleste.com.uy\/emprendedoresenjoy\/wp-json\/wp\/v2\/pages"}],"about":[{"href":"https:\/\/www.enjoypuntadeleste.com.uy\/emprendedoresenjoy\/wp-json\/wp\/v2\/types\/page"}],"author":[{"embeddable":true,"href":"https:\/\/www.enjoypuntadeleste.com.uy\/emprendedoresenjoy\/wp-json\/wp\/v2\/users\/2"}],"replies":[{"embeddable":true,"href":"https:\/\/www.enjoypuntadeleste.com.uy\/emprendedoresenjoy\/wp-json\/wp\/v2\/comments?post=8"}],"version-history":[{"count":1,"href":"https:\/\/www.enjoypuntadeleste.com.uy\/emprendedoresenjoy\/wp-json\/wp\/v2\/pages\/8\/revisions"}],"predecessor-version":[{"id":16,"href":"https:\/\/www.enjoypuntadeleste.com.uy\/emprendedoresenjoy\/wp-json\/wp\/v2\/pages\/8\/revisions\/16"}],"wp:attachment":[{"href":"https:\/\/www.enjoypuntadeleste.com.uy\/emprendedoresenjoy\/wp-json\/wp\/v2\/media?parent=8"}],"curies":[{"name":"wp","href":"https:\/\/api.w.org\/{rel}","templated":true}]}}